{"id":226,"date":"2024-09-20T14:21:35","date_gmt":"2024-09-20T14:21:35","guid":{"rendered":"https:\/\/www.studiothea.cz\/?page_id=226"},"modified":"2025-05-25T18:52:40","modified_gmt":"2025-05-25T18:52:40","slug":"rezervace-2","status":"publish","type":"page","link":"https:\/\/www.studiothea.cz\/?page_id=226","title":{"rendered":"Rezervace"},"content":{"rendered":"\n<script src=\"https:\/\/cdn.supersaas.net\/widget.js\"><\/script>\n<script class=\"supersaas-widget\">var supersaas = new SuperSaaS(\"556442:studiothea\",\"741260:Studio_THEA,_\u010cesk\u00e9_Bud\u011bjovice\",{\"widget_type\":\"frame\",\"domain\":\"www.supersaas.cz\"})<\/script>\n\n\n\n<figure class=\"wp-block-gallery has-nested-images columns-default is-cropped wp-block-gallery-1 is-layout-flex wp-block-gallery-is-layout-flex\">\n<figure class=\"wp-block-image size-large\"><img loading=\"lazy\" decoding=\"async\" width=\"1024\" height=\"577\" data-id=\"568\" src=\"https:\/\/www.studiothea.cz\/wp-content\/uploads\/2024\/12\/20241212_110011-1024x577.jpg\" alt=\"\" class=\"wp-image-568\" srcset=\"https:\/\/www.studiothea.cz\/wp-content\/uploads\/2024\/12\/20241212_110011-1024x577.jpg 1024w, https:\/\/www.studiothea.cz\/wp-content\/uploads\/2024\/12\/20241212_110011-300x169.jpg 300w, https:\/\/www.studiothea.cz\/wp-content\/uploads\/2024\/12\/20241212_110011-768x432.jpg 768w, https:\/\/www.studiothea.cz\/wp-content\/uploads\/2024\/12\/20241212_110011-1536x865.jpg 1536w, https:\/\/www.studiothea.cz\/wp-content\/uploads\/2024\/12\/20241212_110011-2048x1153.jpg 2048w\" sizes=\"auto, (max-width: 1024px) 100vw, 1024px\" \/><\/figure>\n\n\n\n<figure class=\"wp-block-image size-large\"><img loading=\"lazy\" decoding=\"async\" width=\"1024\" height=\"577\" data-id=\"560\" src=\"https:\/\/www.studiothea.cz\/wp-content\/uploads\/2024\/12\/20241212_095558-1024x577.jpg\" alt=\"\" class=\"wp-image-560\" srcset=\"https:\/\/www.studiothea.cz\/wp-content\/uploads\/2024\/12\/20241212_095558-1024x577.jpg 1024w, https:\/\/www.studiothea.cz\/wp-content\/uploads\/2024\/12\/20241212_095558-300x169.jpg 300w, https:\/\/www.studiothea.cz\/wp-content\/uploads\/2024\/12\/20241212_095558-768x432.jpg 768w, https:\/\/www.studiothea.cz\/wp-content\/uploads\/2024\/12\/20241212_095558-1536x865.jpg 1536w, https:\/\/www.studiothea.cz\/wp-content\/uploads\/2024\/12\/20241212_095558-2048x1153.jpg 2048w\" sizes=\"auto, (max-width: 1024px) 100vw, 1024px\" \/><\/figure>\n\n\n\n<figure class=\"wp-block-image size-large\"><img loading=\"lazy\" decoding=\"async\" width=\"1024\" height=\"768\" data-id=\"403\" src=\"https:\/\/www.studiothea.cz\/wp-content\/uploads\/2024\/10\/IMG_3416-1024x768.jpeg\" alt=\"\" class=\"wp-image-403\" srcset=\"https:\/\/www.studiothea.cz\/wp-content\/uploads\/2024\/10\/IMG_3416-1024x768.jpeg 1024w, https:\/\/www.studiothea.cz\/wp-content\/uploads\/2024\/10\/IMG_3416-300x225.jpeg 300w, https:\/\/www.studiothea.cz\/wp-content\/uploads\/2024\/10\/IMG_3416-768x576.jpeg 768w, https:\/\/www.studiothea.cz\/wp-content\/uploads\/2024\/10\/IMG_3416-1536x1152.jpeg 1536w, https:\/\/www.studiothea.cz\/wp-content\/uploads\/2024\/10\/IMG_3416-2048x1536.jpeg 2048w, https:\/\/www.studiothea.cz\/wp-content\/uploads\/2024\/10\/IMG_3416-640x480.jpeg 640w, https:\/\/www.studiothea.cz\/wp-content\/uploads\/2024\/10\/IMG_3416-110x83.jpeg 110w\" sizes=\"auto, (max-width: 1024px) 100vw, 1024px\" \/><\/figure>\n<\/figure>\n\n\n\n<figure class=\"wp-block-gallery has-nested-images columns-default is-cropped wp-block-gallery-2 is-layout-flex wp-block-gallery-is-layout-flex\">\n<figure class=\"wp-block-image size-large\"><img loading=\"lazy\" decoding=\"async\" width=\"1024\" height=\"576\" data-id=\"771\" src=\"https:\/\/www.studiothea.cz\/wp-content\/uploads\/2025\/05\/62-1024x576.jpg\" alt=\"\" class=\"wp-image-771\" srcset=\"https:\/\/www.studiothea.cz\/wp-content\/uploads\/2025\/05\/62-1024x576.jpg 1024w, https:\/\/www.studiothea.cz\/wp-content\/uploads\/2025\/05\/62-300x169.jpg 300w, https:\/\/www.studiothea.cz\/wp-content\/uploads\/2025\/05\/62-768x432.jpg 768w, https:\/\/www.studiothea.cz\/wp-content\/uploads\/2025\/05\/62-1536x864.jpg 1536w, https:\/\/www.studiothea.cz\/wp-content\/uploads\/2025\/05\/62.jpg 1920w\" sizes=\"auto, (max-width: 1024px) 100vw, 1024px\" \/><\/figure>\n\n\n\n<figure class=\"wp-block-image size-large\"><img loading=\"lazy\" decoding=\"async\" width=\"1024\" height=\"576\" data-id=\"770\" src=\"https:\/\/www.studiothea.cz\/wp-content\/uploads\/2025\/05\/60-1024x576.jpg\" alt=\"\" class=\"wp-image-770\" srcset=\"https:\/\/www.studiothea.cz\/wp-content\/uploads\/2025\/05\/60-1024x576.jpg 1024w, https:\/\/www.studiothea.cz\/wp-content\/uploads\/2025\/05\/60-300x169.jpg 300w, https:\/\/www.studiothea.cz\/wp-content\/uploads\/2025\/05\/60-768x432.jpg 768w, https:\/\/www.studiothea.cz\/wp-content\/uploads\/2025\/05\/60-1536x864.jpg 1536w, https:\/\/www.studiothea.cz\/wp-content\/uploads\/2025\/05\/60.jpg 1920w\" sizes=\"auto, (max-width: 1024px) 100vw, 1024px\" \/><\/figure>\n\n\n\n<figure class=\"wp-block-image size-large\"><img loading=\"lazy\" decoding=\"async\" width=\"1024\" height=\"576\" data-id=\"769\" src=\"https:\/\/www.studiothea.cz\/wp-content\/uploads\/2025\/05\/59-1024x576.jpg\" alt=\"\" class=\"wp-image-769\" srcset=\"https:\/\/www.studiothea.cz\/wp-content\/uploads\/2025\/05\/59-1024x576.jpg 1024w, https:\/\/www.studiothea.cz\/wp-content\/uploads\/2025\/05\/59-300x169.jpg 300w, https:\/\/www.studiothea.cz\/wp-content\/uploads\/2025\/05\/59-768x432.jpg 768w, https:\/\/www.studiothea.cz\/wp-content\/uploads\/2025\/05\/59-1536x864.jpg 1536w, https:\/\/www.studiothea.cz\/wp-content\/uploads\/2025\/05\/59.jpg 1920w\" sizes=\"auto, (max-width: 1024px) 100vw, 1024px\" \/><\/figure>\n<\/figure>\n\n\n<div class=\"wp-block-image\">\n<figure class=\"aligncenter size-large\"><img loading=\"lazy\" decoding=\"async\" width=\"1024\" height=\"768\" src=\"http:\/\/www.studiothea.cz\/wp-content\/uploads\/2025\/05\/IMG_0800-1024x768.jpeg\" alt=\"\" class=\"wp-image-788\" srcset=\"https:\/\/www.studiothea.cz\/wp-content\/uploads\/2025\/05\/IMG_0800-1024x768.jpeg 1024w, https:\/\/www.studiothea.cz\/wp-content\/uploads\/2025\/05\/IMG_0800-300x225.jpeg 300w, https:\/\/www.studiothea.cz\/wp-content\/uploads\/2025\/05\/IMG_0800-768x576.jpeg 768w, https:\/\/www.studiothea.cz\/wp-content\/uploads\/2025\/05\/IMG_0800-1536x1152.jpeg 1536w, https:\/\/www.studiothea.cz\/wp-content\/uploads\/2025\/05\/IMG_0800-2048x1536.jpeg 2048w, https:\/\/www.studiothea.cz\/wp-content\/uploads\/2025\/05\/IMG_0800-640x480.jpeg 640w, https:\/\/www.studiothea.cz\/wp-content\/uploads\/2025\/05\/IMG_0800-110x83.jpeg 110w\" sizes=\"auto, (max-width: 1024px) 100vw, 1024px\" \/><\/figure>\n<\/div>\n\n\n<p><\/p>\n\n\n<div class=\"wp-block-image\">\n<figure class=\"aligncenter size-large\"><img loading=\"lazy\" decoding=\"async\" width=\"1024\" height=\"726\" src=\"http:\/\/www.studiothea.cz\/wp-content\/uploads\/2024\/11\/STUDIO-THEA-1-1024x726.jpg\" alt=\"\" class=\"wp-image-464\" srcset=\"https:\/\/www.studiothea.cz\/wp-content\/uploads\/2024\/11\/STUDIO-THEA-1-1024x726.jpg 1024w, https:\/\/www.studiothea.cz\/wp-content\/uploads\/2024\/11\/STUDIO-THEA-1-300x213.jpg 300w, https:\/\/www.studiothea.cz\/wp-content\/uploads\/2024\/11\/STUDIO-THEA-1-768x545.jpg 768w, https:\/\/www.studiothea.cz\/wp-content\/uploads\/2024\/11\/STUDIO-THEA-1-1536x1090.jpg 1536w, https:\/\/www.studiothea.cz\/wp-content\/uploads\/2024\/11\/STUDIO-THEA-1.jpg 1748w\" sizes=\"auto, (max-width: 1024px) 100vw, 1024px\" \/><\/figure>\n<\/div>","protected":false},"excerpt":{"rendered":"","protected":false},"author":1,"featured_media":206,"parent":0,"menu_order":0,"comment_status":"closed","ping_status":"closed","template":"","meta":{"footnotes":""},"class_list":["post-226","page","type-page","status-publish","has-post-thumbnail","hentry"],"_links":{"self":[{"href":"https:\/\/www.studiothea.cz\/index.php?rest_route=\/wp\/v2\/pages\/226","targetHints":{"allow":["GET"]}}],"collection":[{"href":"https:\/\/www.studiothea.cz\/index.php?rest_route=\/wp\/v2\/pages"}],"about":[{"href":"https:\/\/www.studiothea.cz\/index.php?rest_route=\/wp\/v2\/types\/page"}],"author":[{"embeddable":true,"href":"https:\/\/www.studiothea.cz\/index.php?rest_route=\/wp\/v2\/users\/1"}],"replies":[{"embeddable":true,"href":"https:\/\/www.studiothea.cz\/index.php?rest_route=%2Fwp%2Fv2%2Fcomments&post=226"}],"version-history":[{"count":6,"href":"https:\/\/www.studiothea.cz\/index.php?rest_route=\/wp\/v2\/pages\/226\/revisions"}],"predecessor-version":[{"id":815,"href":"https:\/\/www.studiothea.cz\/index.php?rest_route=\/wp\/v2\/pages\/226\/revisions\/815"}],"wp:featuredmedia":[{"embeddable":true,"href":"https:\/\/www.studiothea.cz\/index.php?rest_route=\/wp\/v2\/media\/206"}],"wp:attachment":[{"href":"https:\/\/www.studiothea.cz\/index.php?rest_route=%2Fwp%2Fv2%2Fmedia&parent=226"}],"curies":[{"name":"wp","href":"https:\/\/api.w.org\/{rel}","templated":true}]}}